{"id":80699,"date":"2024-02-14T12:06:03","date_gmt":"2024-02-14T12:06:03","guid":{"rendered":"https:\/\/tarifacozyhouse.com\/?page_id=80699"},"modified":"2026-01-28T17:23:10","modified_gmt":"2026-01-28T17:23:10","slug":"contact-apartments-rate","status":"publish","type":"page","link":"https:\/\/tarifacozyhouse.com\/en\/contacto-apartamentos-tarifa\/","title":{"rendered":"Contact"},"content":{"rendered":"\t\t<div data-elementor-type=\"wp-page\" data-elementor-id=\"80699\" class=\"elementor elementor-80699\" data-elementor-post-type=\"page\">\n\t\t\t\t\t\t<section class=\"elementor-section elementor-top-section elementor-element elementor-element-72bb197 elementor-section-height-min-height elementor-section-boxed elementor-section-height-default elementor-section-items-middle\" data-id=\"72bb197\" data-element_type=\"section\" data-e-type=\"section\" data-settings=\"{&quot;background_background&quot;:&quot;classic&quot;}\">\n\t\t\t\t\t\t\t<div class=\"elementor-background-overlay\"><\/div>\n\t\t\t\t\t\t\t<div class=\"elementor-container elementor-column-gap-default\">\n\t\t\t\t\t<div class=\"elementor-column elementor-col-100 elementor-top-column elementor-element elementor-element-1497617\" data-id=\"1497617\" data-element_type=\"column\" data-e-type=\"column\">\n\t\t\t<div class=\"elementor-widget-wrap elementor-element-populated\">\n\t\t\t\t\t\t<div class=\"elementor-element elementor-element-d364a8f elementor-widget elementor-widget-heading\" data-id=\"d364a8f\" data-element_type=\"widget\" data-e-type=\"widget\" data-widget_type=\"heading.default\">\n\t\t\t\t<div class=\"elementor-widget-container\">\n\t\t\t\t\t<h1 class=\"elementor-heading-title elementor-size-default\">Contacto<\/h1>\t\t\t\t<\/div>\n\t\t\t\t<\/div>\n\t\t\t\t<div class=\"elementor-element elementor-element-c7260f2 elementor-widget elementor-widget-text-editor\" data-id=\"c7260f2\" data-element_type=\"widget\" data-e-type=\"widget\" data-widget_type=\"text-editor.default\">\n\t\t\t\t<div class=\"elementor-widget-container\">\n\t\t\t\t\t\t\t\t\t<p>Le ofrecemos lugares \u00fanicos adaptados a su comodidad<\/p>\t\t\t\t\t\t\t\t<\/div>\n\t\t\t\t<\/div>\n\t\t\t\t\t<\/div>\n\t\t<\/div>\n\t\t\t\t\t<\/div>\n\t\t<\/section>\n\t\t\t\t<section class=\"elementor-section elementor-top-section elementor-element elementor-element-2cb4625b elementor-section-boxed elementor-section-height-default elementor-section-height-default\" data-id=\"2cb4625b\" data-element_type=\"section\" data-e-type=\"section\" data-settings=\"{&quot;background_background&quot;:&quot;classic&quot;}\">\n\t\t\t\t\t\t<div class=\"elementor-container elementor-column-gap-default\">\n\t\t\t\t\t<div class=\"elementor-column elementor-col-50 elementor-top-column elementor-element elementor-element-2d346c65\" data-id=\"2d346c65\" data-element_type=\"column\" data-e-type=\"column\">\n\t\t\t<div class=\"elementor-widget-wrap elementor-element-populated\">\n\t\t\t\t\t\t<div class=\"elementor-element elementor-element-34e8e76 elementor-widget elementor-widget-image\" data-id=\"34e8e76\" data-element_type=\"widget\" data-e-type=\"widget\" data-settings=\"{&quot;motion_fx_motion_fx_scrolling&quot;:&quot;yes&quot;,&quot;motion_fx_translateX_effect&quot;:&quot;yes&quot;,&quot;motion_fx_translateX_direction&quot;:&quot;negative&quot;,&quot;motion_fx_translateX_speed&quot;:{&quot;unit&quot;:&quot;px&quot;,&quot;size&quot;:9.4,&quot;sizes&quot;:[]},&quot;motion_fx_translateX_affectedRange&quot;:{&quot;unit&quot;:&quot;%&quot;,&quot;size&quot;:&quot;&quot;,&quot;sizes&quot;:{&quot;start&quot;:0,&quot;end&quot;:50}},&quot;motion_fx_devices&quot;:[&quot;desktop&quot;,&quot;tablet&quot;,&quot;mobile&quot;]}\" data-widget_type=\"image.default\">\n\t\t\t\t<div class=\"elementor-widget-container\">\n\t\t\t\t\t\t\t\t\t\t\t\t\t\t\t<img fetchpriority=\"high\" decoding=\"async\" width=\"768\" height=\"432\" src=\"https:\/\/tarifacozyhouse.com\/wp-content\/uploads\/2022\/11\/get-in-touch-768x432.jpeg\" class=\"attachment-medium_large size-medium_large wp-image-78842\" alt=\"\" srcset=\"https:\/\/tarifacozyhouse.com\/wp-content\/uploads\/2022\/11\/get-in-touch-768x432.jpeg 768w, https:\/\/tarifacozyhouse.com\/wp-content\/uploads\/2022\/11\/get-in-touch-300x169.jpeg 300w, https:\/\/tarifacozyhouse.com\/wp-content\/uploads\/2022\/11\/get-in-touch-1024x576.jpeg 1024w, https:\/\/tarifacozyhouse.com\/wp-content\/uploads\/2022\/11\/get-in-touch-1536x864.jpeg 1536w, https:\/\/tarifacozyhouse.com\/wp-content\/uploads\/2022\/11\/get-in-touch-18x10.jpeg 18w, https:\/\/tarifacozyhouse.com\/wp-content\/uploads\/2022\/11\/get-in-touch-889x500.jpeg 889w, https:\/\/tarifacozyhouse.com\/wp-content\/uploads\/2022\/11\/get-in-touch-scaled.jpeg 1600w\" sizes=\"(max-width: 768px) 100vw, 768px\" \/>\t\t\t\t\t\t\t\t\t\t\t\t\t\t\t<\/div>\n\t\t\t\t<\/div>\n\t\t\t\t\t<\/div>\n\t\t<\/div>\n\t\t\t\t<div class=\"elementor-column elementor-col-50 elementor-top-column elementor-element elementor-element-ac4c573\" data-id=\"ac4c573\" data-element_type=\"column\" data-e-type=\"column\">\n\t\t\t<div class=\"elementor-widget-wrap elementor-element-populated\">\n\t\t\t\t\t\t<div class=\"elementor-element elementor-element-73f129fb elementor-widget elementor-widget-heading\" data-id=\"73f129fb\" data-element_type=\"widget\" data-e-type=\"widget\" data-settings=\"{&quot;motion_fx_motion_fx_scrolling&quot;:&quot;yes&quot;,&quot;motion_fx_translateY_effect&quot;:&quot;yes&quot;,&quot;motion_fx_translateY_speed&quot;:{&quot;unit&quot;:&quot;px&quot;,&quot;size&quot;:9.4,&quot;sizes&quot;:[]},&quot;motion_fx_translateY_affectedRange&quot;:{&quot;unit&quot;:&quot;%&quot;,&quot;size&quot;:&quot;&quot;,&quot;sizes&quot;:{&quot;start&quot;:0,&quot;end&quot;:50}},&quot;motion_fx_devices&quot;:[&quot;desktop&quot;,&quot;tablet&quot;,&quot;mobile&quot;]}\" data-widget_type=\"heading.default\">\n\t\t\t\t<div class=\"elementor-widget-container\">\n\t\t\t\t\t<h2 class=\"elementor-heading-title elementor-size-default\">Contacta con nosotros<\/h2>\t\t\t\t<\/div>\n\t\t\t\t<\/div>\n\t\t\t\t<div class=\"elementor-element elementor-element-6242269 elementor-list-item-link-inline elementor-mobile-align-start elementor-icon-list--layout-traditional elementor-widget elementor-widget-icon-list\" data-id=\"6242269\" data-element_type=\"widget\" data-e-type=\"widget\" data-settings=\"{&quot;motion_fx_motion_fx_scrolling&quot;:&quot;yes&quot;,&quot;motion_fx_translateY_effect&quot;:&quot;yes&quot;,&quot;motion_fx_translateY_direction&quot;:&quot;negative&quot;,&quot;motion_fx_translateY_speed&quot;:{&quot;unit&quot;:&quot;px&quot;,&quot;size&quot;:3.6,&quot;sizes&quot;:[]},&quot;motion_fx_translateY_affectedRange&quot;:{&quot;unit&quot;:&quot;%&quot;,&quot;size&quot;:&quot;&quot;,&quot;sizes&quot;:{&quot;start&quot;:0,&quot;end&quot;:50}},&quot;motion_fx_devices&quot;:[&quot;desktop&quot;,&quot;tablet&quot;,&quot;mobile&quot;]}\" data-widget_type=\"icon-list.default\">\n\t\t\t\t<div class=\"elementor-widget-container\">\n\t\t\t\t\t\t\t<ul class=\"elementor-icon-list-items\">\n\t\t\t\t\t\t\t<li class=\"elementor-icon-list-item\">\n\t\t\t\t\t\t\t\t\t\t\t<span class=\"elementor-icon-list-icon\">\n\t\t\t\t\t\t\t<i aria-hidden=\"true\" class=\"fas fa-map-marker-alt\"><\/i>\t\t\t\t\t\t<\/span>\n\t\t\t\t\t\t\t\t\t\t<span class=\"elementor-icon-list-text\">Tarifa, Spain 11380<\/span>\n\t\t\t\t\t\t\t\t\t<\/li>\n\t\t\t\t\t\t\t\t<li class=\"elementor-icon-list-item\">\n\t\t\t\t\t\t\t\t\t\t\t<a href=\"tel:0034660154453\">\n\n\t\t\t\t\t\t\t\t\t\t\t\t<span class=\"elementor-icon-list-icon\">\n\t\t\t\t\t\t\t<i aria-hidden=\"true\" class=\"fas fa-mobile-alt\"><\/i>\t\t\t\t\t\t<\/span>\n\t\t\t\t\t\t\t\t\t\t<span class=\"elementor-icon-list-text\">0034 660 15 44 53<\/span>\n\t\t\t\t\t\t\t\t\t\t\t<\/a>\n\t\t\t\t\t\t\t\t\t<\/li>\n\t\t\t\t\t\t\t\t<li class=\"elementor-icon-list-item\">\n\t\t\t\t\t\t\t\t\t\t\t<a href=\"mailto:booking@tarifacozyhouse.com\">\n\n\t\t\t\t\t\t\t\t\t\t\t\t<span class=\"elementor-icon-list-icon\">\n\t\t\t\t\t\t\t<i aria-hidden=\"true\" class=\"fas fa-envelope-open\"><\/i>\t\t\t\t\t\t<\/span>\n\t\t\t\t\t\t\t\t\t\t<span class=\"elementor-icon-list-text\">booking@tarifacozyhouse.com<\/span>\n\t\t\t\t\t\t\t\t\t\t\t<\/a>\n\t\t\t\t\t\t\t\t\t<\/li>\n\t\t\t\t\t\t<\/ul>\n\t\t\t\t\t\t<\/div>\n\t\t\t\t<\/div>\n\t\t\t\t\t<\/div>\n\t\t<\/div>\n\t\t\t\t\t<\/div>\n\t\t<\/section>\n\t\t\t\t<section class=\"elementor-section elementor-top-section elementor-element elementor-element-3807a87e elementor-section-boxed elementor-section-height-default elementor-section-height-default\" data-id=\"3807a87e\" data-element_type=\"section\" data-e-type=\"section\" data-settings=\"{&quot;background_background&quot;:&quot;classic&quot;}\">\n\t\t\t\t\t\t<div class=\"elementor-container elementor-column-gap-default\">\n\t\t\t\t\t<div class=\"elementor-column elementor-col-100 elementor-top-column elementor-element elementor-element-483bffe\" data-id=\"483bffe\" data-element_type=\"column\" data-e-type=\"column\">\n\t\t\t<div class=\"elementor-widget-wrap elementor-element-populated\">\n\t\t\t\t\t\t<div class=\"elementor-element elementor-element-3c156961 elementor-widget elementor-widget-heading\" data-id=\"3c156961\" data-element_type=\"widget\" data-e-type=\"widget\" data-settings=\"{&quot;motion_fx_motion_fx_scrolling&quot;:&quot;yes&quot;,&quot;motion_fx_translateX_effect&quot;:&quot;yes&quot;,&quot;motion_fx_translateX_direction&quot;:&quot;negative&quot;,&quot;motion_fx_translateX_speed&quot;:{&quot;unit&quot;:&quot;px&quot;,&quot;size&quot;:8.6,&quot;sizes&quot;:[]},&quot;motion_fx_translateX_affectedRange&quot;:{&quot;unit&quot;:&quot;%&quot;,&quot;size&quot;:&quot;&quot;,&quot;sizes&quot;:{&quot;start&quot;:0,&quot;end&quot;:50}},&quot;motion_fx_devices&quot;:[&quot;desktop&quot;,&quot;tablet&quot;,&quot;mobile&quot;]}\" data-widget_type=\"heading.default\">\n\t\t\t\t<div class=\"elementor-widget-container\">\n\t\t\t\t\t<h2 class=\"elementor-heading-title elementor-size-default\">\u00a1Hola!<\/h2>\t\t\t\t<\/div>\n\t\t\t\t<\/div>\n\t\t\t\t<div class=\"elementor-element elementor-element-24d3ec15 elementor-widget elementor-widget-heading\" data-id=\"24d3ec15\" data-element_type=\"widget\" data-e-type=\"widget\" data-settings=\"{&quot;motion_fx_motion_fx_scrolling&quot;:&quot;yes&quot;,&quot;motion_fx_translateX_effect&quot;:&quot;yes&quot;,&quot;motion_fx_translateX_speed&quot;:{&quot;unit&quot;:&quot;px&quot;,&quot;size&quot;:8.9,&quot;sizes&quot;:[]},&quot;motion_fx_translateX_affectedRange&quot;:{&quot;unit&quot;:&quot;%&quot;,&quot;size&quot;:&quot;&quot;,&quot;sizes&quot;:{&quot;start&quot;:0,&quot;end&quot;:50}},&quot;motion_fx_devices&quot;:[&quot;desktop&quot;,&quot;tablet&quot;,&quot;mobile&quot;]}\" data-widget_type=\"heading.default\">\n\t\t\t\t<div class=\"elementor-widget-container\">\n\t\t\t\t\t<h2 class=\"elementor-heading-title elementor-size-default\">Contacta con nosotros<\/h2>\t\t\t\t<\/div>\n\t\t\t\t<\/div>\n\t\t\t\t<div class=\"elementor-element elementor-element-585fc19d elementor-widget elementor-widget-text-editor\" data-id=\"585fc19d\" data-element_type=\"widget\" data-e-type=\"widget\" data-widget_type=\"text-editor.default\">\n\t\t\t\t<div class=\"elementor-widget-container\">\n\t\t\t\t\t\t\t\t\t<p>Muchas gracias por su inter\u00e9s. Nos encantar\u00eda saber de usted y ayudarle a reservar las vacaciones de sus sue\u00f1os. Rellene el siguiente formulario o env\u00edenos un correo electr\u00f3nico directamente a: booking@tarifacozyhouse.com<\/p>\t\t\t\t\t\t\t\t<\/div>\n\t\t\t\t<\/div>\n\t\t\t\t<div class=\"elementor-element elementor-element-a490294 elementor-button-align-center elementor-widget elementor-widget-form\" data-id=\"a490294\" data-element_type=\"widget\" data-e-type=\"widget\" data-settings=\"{&quot;step_next_label&quot;:&quot;Next&quot;,&quot;step_previous_label&quot;:&quot;Previous&quot;,&quot;button_width&quot;:&quot;100&quot;,&quot;step_type&quot;:&quot;number_text&quot;,&quot;step_icon_shape&quot;:&quot;circle&quot;}\" data-widget_type=\"form.default\">\n\t\t\t\t<div class=\"elementor-widget-container\">\n\t\t\t\t\t\t\t<form class=\"elementor-form\" method=\"post\" name=\"Inquiry\" aria-label=\"Inquiry\">\n\t\t\t<input type=\"hidden\" name=\"post_id\" value=\"80699\"\/>\n\t\t\t<input type=\"hidden\" name=\"form_id\" value=\"a490294\"\/>\n\t\t\t<input type=\"hidden\" name=\"referer_title\" value=\"Tarifa Cozy House\" \/>\n\n\t\t\t\n\t\t\t<div class=\"elementor-form-fields-wrapper elementor-labels-\">\n\t\t\t\t\t\t\t\t<div class=\"elementor-field-type-text elementor-field-group elementor-column elementor-field-group-name elementor-col-100 elementor-field-required\">\n\t\t\t\t\t\t\t\t\t\t\t\t<label for=\"form-field-name\" class=\"elementor-field-label elementor-screen-only\">\n\t\t\t\t\t\t\t\tName\t\t\t\t\t\t\t<\/label>\n\t\t\t\t\t\t\t\t\t\t\t\t\t\t<input size=\"1\" type=\"text\" name=\"form_fields[name]\" id=\"form-field-name\" class=\"elementor-field elementor-size-sm  elementor-field-textual\" placeholder=\"Name\" required=\"required\">\n\t\t\t\t\t\t\t\t\t\t\t<\/div>\n\t\t\t\t\t\t\t\t<div class=\"elementor-field-type-number elementor-field-group elementor-column elementor-field-group-phone elementor-col-100\">\n\t\t\t\t\t\t\t\t\t\t\t\t<label for=\"form-field-phone\" class=\"elementor-field-label elementor-screen-only\">\n\t\t\t\t\t\t\t\tPhone\t\t\t\t\t\t\t<\/label>\n\t\t\t\t\t\t\t\t\t<input type=\"number\" name=\"form_fields[phone]\" id=\"form-field-phone\" class=\"elementor-field elementor-size-sm  elementor-field-textual\" placeholder=\"Phone number\" min=\"\" max=\"\" >\n\t\t\t\t\t\t<\/div>\n\t\t\t\t\t\t\t\t<div class=\"elementor-field-type-email elementor-field-group elementor-column elementor-field-group-email elementor-col-100 elementor-field-required\">\n\t\t\t\t\t\t\t\t\t\t\t\t<label for=\"form-field-email\" class=\"elementor-field-label elementor-screen-only\">\n\t\t\t\t\t\t\t\tEmail\t\t\t\t\t\t\t<\/label>\n\t\t\t\t\t\t\t\t\t\t\t\t\t\t<input size=\"1\" type=\"email\" name=\"form_fields[email]\" id=\"form-field-email\" class=\"elementor-field elementor-size-sm  elementor-field-textual\" placeholder=\"Email\" required=\"required\">\n\t\t\t\t\t\t\t\t\t\t\t<\/div>\n\t\t\t\t\t\t\t\t<div class=\"elementor-field-type-textarea elementor-field-group elementor-column elementor-field-group-message elementor-col-100 elementor-field-required\">\n\t\t\t\t\t\t\t\t\t\t\t\t<label for=\"form-field-message\" class=\"elementor-field-label elementor-screen-only\">\n\t\t\t\t\t\t\t\tMessage\t\t\t\t\t\t\t<\/label>\n\t\t\t\t\t\t<textarea class=\"elementor-field-textual elementor-field  elementor-size-sm\" name=\"form_fields[message]\" id=\"form-field-message\" rows=\"4\" placeholder=\"Message\" required=\"required\"><\/textarea>\t\t\t\t<\/div>\n\t\t\t\t\t\t\t\t<div class=\"elementor-field-type-recaptcha_v3 elementor-field-group elementor-column elementor-field-group-field_52cb3c0 elementor-col-100 recaptcha_v3-inline\">\n\t\t\t\t\t<div class=\"elementor-field\" id=\"form-field-field_52cb3c0\"><div class=\"elementor-g-recaptcha\" data-sitekey=\"6Le0QbMjAAAAACksz_F2fr7xldndNpZ0iqS-N4k2\" data-type=\"v3\" data-action=\"Form\" data-badge=\"inline\" data-size=\"invisible\"><\/div><\/div>\t\t\t\t<\/div>\n\t\t\t\t\t\t\t\t<div class=\"elementor-field-type-text\">\n\t\t\t\t\t<input size=\"1\" type=\"text\" name=\"form_fields[field_d36ca1d]\" id=\"form-field-field_d36ca1d\" class=\"elementor-field elementor-size-sm \" style=\"display:none !important;\">\t\t\t\t<\/div>\n\t\t\t\t\t\t\t\t<div class=\"elementor-field-group elementor-column elementor-field-type-submit elementor-col-100 e-form__buttons\">\n\t\t\t\t\t<button class=\"elementor-button elementor-size-md\" type=\"submit\">\n\t\t\t\t\t\t<span class=\"elementor-button-content-wrapper\">\n\t\t\t\t\t\t\t\t\t\t\t\t\t\t\t\t\t\t\t\t\t\t<span class=\"elementor-button-text\">Submit<\/span>\n\t\t\t\t\t\t\t\t\t\t\t\t\t<\/span>\n\t\t\t\t\t<\/button>\n\t\t\t\t<\/div>\n\t\t\t<\/div>\n\t\t<\/form>\n\t\t\t\t\t\t<\/div>\n\t\t\t\t<\/div>\n\t\t\t\t\t<\/div>\n\t\t<\/div>\n\t\t\t\t\t<\/div>\n\t\t<\/section>\n\t\t\t\t<\/div>\n\t\t","protected":false},"excerpt":{"rendered":"<p>Contacto Le ofrecemos lugares \u00fanicos adaptados a su comodidad Contacta con nosotros Tarifa, Spain 11380 0034 660 15 44 53 booking@tarifacozyhouse.com \u00a1Hola! Contacta con nosotros Muchas gracias por su inter\u00e9s. Nos encantar\u00eda saber de usted y ayudarle a reservar las vacaciones de sus sue\u00f1os. Rellene el siguiente formulario o env\u00edenos un correo electr\u00f3nico directamente a: [&hellip;]<\/p>\n","protected":false},"author":41,"featured_media":80148,"parent":0,"menu_order":0,"comment_status":"closed","ping_status":"closed","template":"elementor_header_footer","meta":{"_acf_changed":false,"footnotes":""},"class_list":["post-80699","page","type-page","status-publish","has-post-thumbnail","hentry"],"acf":[],"yoast_head":"<!-- This site is optimized with the Yoast SEO plugin v27.1.1 - https:\/\/yoast.com\/product\/yoast-seo-wordpress\/ -->\n<title>Contacto - Tarifa Cozy House<\/title>\n<meta name=\"description\" content=\"\u00bfTienes preguntas o necesitas ayuda? Cont\u00e1ctanos para reservar tu apartamento vacacional en Tarifa. \u00a1Estamos aqu\u00ed para ti!\" \/>\n<meta name=\"robots\" content=\"index, follow, max-snippet:-1, max-image-preview:large, max-video-preview:-1\" \/>\n<link rel=\"canonical\" href=\"https:\/\/tarifacozyhouse.com\/en\/contact-apartments-rate\/\" \/>\n<meta property=\"og:locale\" content=\"en_US\" \/>\n<meta property=\"og:type\" content=\"article\" \/>\n<meta property=\"og:title\" content=\"Contacto - Tarifa Cozy House\" \/>\n<meta property=\"og:description\" content=\"\u00bfTienes preguntas o necesitas ayuda? Cont\u00e1ctanos para reservar tu apartamento vacacional en Tarifa. \u00a1Estamos aqu\u00ed para ti!\" \/>\n<meta property=\"og:url\" content=\"https:\/\/tarifacozyhouse.com\/en\/contact-apartments-rate\/\" \/>\n<meta property=\"og:site_name\" content=\"Tarifa Cozy House\" \/>\n<meta property=\"article:modified_time\" content=\"2026-01-28T17:23:10+00:00\" \/>\n<meta property=\"og:image\" content=\"https:\/\/tarifacozyhouse.com\/wp-content\/uploads\/2023\/04\/Portada-2-1024x714.png\" \/>\n\t<meta property=\"og:image:width\" content=\"1024\" \/>\n\t<meta property=\"og:image:height\" content=\"714\" \/>\n\t<meta property=\"og:image:type\" content=\"image\/png\" \/>\n<meta name=\"twitter:card\" content=\"summary_large_image\" \/>\n<meta name=\"twitter:label1\" content=\"Est. reading time\" \/>\n\t<meta name=\"twitter:data1\" content=\"1 minute\" \/>\n<script type=\"application\/ld+json\" class=\"yoast-schema-graph\">{\"@context\":\"https:\/\/schema.org\",\"@graph\":[{\"@type\":\"WebPage\",\"@id\":\"https:\/\/tarifacozyhouse.com\/contacto-apartamentos-tarifa\/\",\"url\":\"https:\/\/tarifacozyhouse.com\/contacto-apartamentos-tarifa\/\",\"name\":\"Contacto - Tarifa Cozy House\",\"isPartOf\":{\"@id\":\"https:\/\/tarifacozyhouse.com\/en\/#website\"},\"primaryImageOfPage\":{\"@id\":\"https:\/\/tarifacozyhouse.com\/contacto-apartamentos-tarifa\/#primaryimage\"},\"image\":{\"@id\":\"https:\/\/tarifacozyhouse.com\/contacto-apartamentos-tarifa\/#primaryimage\"},\"thumbnailUrl\":\"https:\/\/tarifacozyhouse.com\/wp-content\/uploads\/2023\/04\/Portada-2.png\",\"datePublished\":\"2024-02-14T12:06:03+00:00\",\"dateModified\":\"2026-01-28T17:23:10+00:00\",\"description\":\"\u00bfTienes preguntas o necesitas ayuda? Cont\u00e1ctanos para reservar tu apartamento vacacional en Tarifa. \u00a1Estamos aqu\u00ed para ti!\",\"breadcrumb\":{\"@id\":\"https:\/\/tarifacozyhouse.com\/contacto-apartamentos-tarifa\/#breadcrumb\"},\"inLanguage\":\"en-US\",\"potentialAction\":[{\"@type\":\"ReadAction\",\"target\":[\"https:\/\/tarifacozyhouse.com\/contacto-apartamentos-tarifa\/\"]}]},{\"@type\":\"ImageObject\",\"inLanguage\":\"en-US\",\"@id\":\"https:\/\/tarifacozyhouse.com\/contacto-apartamentos-tarifa\/#primaryimage\",\"url\":\"https:\/\/tarifacozyhouse.com\/wp-content\/uploads\/2023\/04\/Portada-2.png\",\"contentUrl\":\"https:\/\/tarifacozyhouse.com\/wp-content\/uploads\/2023\/04\/Portada-2.png\",\"width\":1500,\"height\":1046},{\"@type\":\"BreadcrumbList\",\"@id\":\"https:\/\/tarifacozyhouse.com\/contacto-apartamentos-tarifa\/#breadcrumb\",\"itemListElement\":[{\"@type\":\"ListItem\",\"position\":1,\"name\":\"Home\",\"item\":\"https:\/\/tarifacozyhouse.com\/\"},{\"@type\":\"ListItem\",\"position\":2,\"name\":\"Contacto\"}]},{\"@type\":\"WebSite\",\"@id\":\"https:\/\/tarifacozyhouse.com\/en\/#website\",\"url\":\"https:\/\/tarifacozyhouse.com\/en\/\",\"name\":\"Tarifa Cozy House\",\"description\":\"\",\"publisher\":{\"@id\":\"https:\/\/tarifacozyhouse.com\/en\/#organization\"},\"potentialAction\":[{\"@type\":\"SearchAction\",\"target\":{\"@type\":\"EntryPoint\",\"urlTemplate\":\"https:\/\/tarifacozyhouse.com\/en\/?s={search_term_string}\"},\"query-input\":{\"@type\":\"PropertyValueSpecification\",\"valueRequired\":true,\"valueName\":\"search_term_string\"}}],\"inLanguage\":\"en-US\"},{\"@type\":\"Organization\",\"@id\":\"https:\/\/tarifacozyhouse.com\/en\/#organization\",\"name\":\"Tarifa Cozy House\",\"url\":\"https:\/\/tarifacozyhouse.com\/en\/\",\"logo\":{\"@type\":\"ImageObject\",\"inLanguage\":\"en-US\",\"@id\":\"https:\/\/tarifacozyhouse.com\/en\/#\/schema\/logo\/image\/\",\"url\":\"https:\/\/tarifacozyhouse.com\/wp-content\/uploads\/2021\/12\/tarifa-logo.png\",\"contentUrl\":\"https:\/\/tarifacozyhouse.com\/wp-content\/uploads\/2021\/12\/tarifa-logo.png\",\"width\":508,\"height\":234,\"caption\":\"Tarifa Cozy House\"},\"image\":{\"@id\":\"https:\/\/tarifacozyhouse.com\/en\/#\/schema\/logo\/image\/\"}}]}<\/script>\n<!-- \/ Yoast SEO plugin. -->","yoast_head_json":{"title":"Contact - Tarifa Cozy House","description":"Do you have questions or need help? Contact us to book your holiday apartment in Tarifa. We are here for you!","robots":{"index":"index","follow":"follow","max-snippet":"max-snippet:-1","max-image-preview":"max-image-preview:large","max-video-preview":"max-video-preview:-1"},"canonical":"https:\/\/tarifacozyhouse.com\/en\/contact-apartments-rate\/","og_locale":"en_US","og_type":"article","og_title":"Contacto - Tarifa Cozy House","og_description":"\u00bfTienes preguntas o necesitas ayuda? Cont\u00e1ctanos para reservar tu apartamento vacacional en Tarifa. \u00a1Estamos aqu\u00ed para ti!","og_url":"https:\/\/tarifacozyhouse.com\/en\/contact-apartments-rate\/","og_site_name":"Tarifa Cozy House","article_modified_time":"2026-01-28T17:23:10+00:00","og_image":[{"width":1024,"height":714,"url":"https:\/\/tarifacozyhouse.com\/wp-content\/uploads\/2023\/04\/Portada-2-1024x714.png","type":"image\/png"}],"twitter_card":"summary_large_image","twitter_misc":{"Est. reading time":"1 minute"},"schema":{"@context":"https:\/\/schema.org","@graph":[{"@type":"WebPage","@id":"https:\/\/tarifacozyhouse.com\/contacto-apartamentos-tarifa\/","url":"https:\/\/tarifacozyhouse.com\/contacto-apartamentos-tarifa\/","name":"Contact - Tarifa Cozy House","isPartOf":{"@id":"https:\/\/tarifacozyhouse.com\/en\/#website"},"primaryImageOfPage":{"@id":"https:\/\/tarifacozyhouse.com\/contacto-apartamentos-tarifa\/#primaryimage"},"image":{"@id":"https:\/\/tarifacozyhouse.com\/contacto-apartamentos-tarifa\/#primaryimage"},"thumbnailUrl":"https:\/\/tarifacozyhouse.com\/wp-content\/uploads\/2023\/04\/Portada-2.png","datePublished":"2024-02-14T12:06:03+00:00","dateModified":"2026-01-28T17:23:10+00:00","description":"Do you have questions or need help? Contact us to book your holiday apartment in Tarifa. We are here for you!","breadcrumb":{"@id":"https:\/\/tarifacozyhouse.com\/contacto-apartamentos-tarifa\/#breadcrumb"},"inLanguage":"en-US","potentialAction":[{"@type":"ReadAction","target":["https:\/\/tarifacozyhouse.com\/contacto-apartamentos-tarifa\/"]}]},{"@type":"ImageObject","inLanguage":"en-US","@id":"https:\/\/tarifacozyhouse.com\/contacto-apartamentos-tarifa\/#primaryimage","url":"https:\/\/tarifacozyhouse.com\/wp-content\/uploads\/2023\/04\/Portada-2.png","contentUrl":"https:\/\/tarifacozyhouse.com\/wp-content\/uploads\/2023\/04\/Portada-2.png","width":1500,"height":1046},{"@type":"BreadcrumbList","@id":"https:\/\/tarifacozyhouse.com\/contacto-apartamentos-tarifa\/#breadcrumb","itemListElement":[{"@type":"ListItem","position":1,"name":"Home","item":"https:\/\/tarifacozyhouse.com\/"},{"@type":"ListItem","position":2,"name":"Contacto"}]},{"@type":"WebSite","@id":"https:\/\/tarifacozyhouse.com\/en\/#website","url":"https:\/\/tarifacozyhouse.com\/en\/","name":"Tarifa Cozy House","description":"","publisher":{"@id":"https:\/\/tarifacozyhouse.com\/en\/#organization"},"potentialAction":[{"@type":"SearchAction","target":{"@type":"EntryPoint","urlTemplate":"https:\/\/tarifacozyhouse.com\/en\/?s={search_term_string}"},"query-input":{"@type":"PropertyValueSpecification","valueRequired":true,"valueName":"search_term_string"}}],"inLanguage":"en-US"},{"@type":"Organization","@id":"https:\/\/tarifacozyhouse.com\/en\/#organization","name":"Tarifa Cozy House","url":"https:\/\/tarifacozyhouse.com\/en\/","logo":{"@type":"ImageObject","inLanguage":"en-US","@id":"https:\/\/tarifacozyhouse.com\/en\/#\/schema\/logo\/image\/","url":"https:\/\/tarifacozyhouse.com\/wp-content\/uploads\/2021\/12\/tarifa-logo.png","contentUrl":"https:\/\/tarifacozyhouse.com\/wp-content\/uploads\/2021\/12\/tarifa-logo.png","width":508,"height":234,"caption":"Tarifa Cozy House"},"image":{"@id":"https:\/\/tarifacozyhouse.com\/en\/#\/schema\/logo\/image\/"}}]}},"_links":{"self":[{"href":"https:\/\/tarifacozyhouse.com\/en\/wp-json\/wp\/v2\/pages\/80699","targetHints":{"allow":["GET"]}}],"collection":[{"href":"https:\/\/tarifacozyhouse.com\/en\/wp-json\/wp\/v2\/pages"}],"about":[{"href":"https:\/\/tarifacozyhouse.com\/en\/wp-json\/wp\/v2\/types\/page"}],"author":[{"embeddable":true,"href":"https:\/\/tarifacozyhouse.com\/en\/wp-json\/wp\/v2\/users\/41"}],"replies":[{"embeddable":true,"href":"https:\/\/tarifacozyhouse.com\/en\/wp-json\/wp\/v2\/comments?post=80699"}],"version-history":[{"count":26,"href":"https:\/\/tarifacozyhouse.com\/en\/wp-json\/wp\/v2\/pages\/80699\/revisions"}],"predecessor-version":[{"id":85798,"href":"https:\/\/tarifacozyhouse.com\/en\/wp-json\/wp\/v2\/pages\/80699\/revisions\/85798"}],"wp:featuredmedia":[{"embeddable":true,"href":"https:\/\/tarifacozyhouse.com\/en\/wp-json\/wp\/v2\/media\/80148"}],"wp:attachment":[{"href":"https:\/\/tarifacozyhouse.com\/en\/wp-json\/wp\/v2\/media?parent=80699"}],"curies":[{"name":"wp","href":"https:\/\/api.w.org\/{rel}","templated":true}]}}