{"id":80692,"date":"2024-02-14T11:59:32","date_gmt":"2024-02-14T11:59:32","guid":{"rendered":"https:\/\/tarifacozyhouse.com\/?page_id=80692"},"modified":"2024-08-13T11:44:25","modified_gmt":"2024-08-13T11:44:25","slug":"holiday-apartments-in-tarifa","status":"publish","type":"page","link":"https:\/\/tarifacozyhouse.com\/en\/apartementos-vacacionales-en-tarifa\/","title":{"rendered":"About us"},"content":{"rendered":"\t\t<div data-elementor-type=\"wp-page\" data-elementor-id=\"80692\" class=\"elementor elementor-80692\" data-elementor-post-type=\"page\">\n\t\t\t\t\t\t<section class=\"elementor-section elementor-top-section elementor-element elementor-element-475247e elementor-section-height-min-height elementor-section-boxed elementor-section-height-default elementor-section-items-middle\" data-id=\"475247e\" data-element_type=\"section\" data-e-type=\"section\" data-settings=\"{&quot;background_background&quot;:&quot;classic&quot;}\">\n\t\t\t\t\t\t\t<div class=\"elementor-background-overlay\"><\/div>\n\t\t\t\t\t\t\t<div class=\"elementor-container elementor-column-gap-default\">\n\t\t\t\t\t<div class=\"elementor-column elementor-col-100 elementor-top-column elementor-element elementor-element-f24f409\" data-id=\"f24f409\" data-element_type=\"column\" data-e-type=\"column\">\n\t\t\t<div class=\"elementor-widget-wrap elementor-element-populated\">\n\t\t\t\t\t\t<div class=\"elementor-element elementor-element-7a14119 elementor-widget elementor-widget-heading\" data-id=\"7a14119\" data-element_type=\"widget\" data-e-type=\"widget\" data-widget_type=\"heading.default\">\n\t\t\t\t<div class=\"elementor-widget-container\">\n\t\t\t\t\t<h1 class=\"elementor-heading-title elementor-size-default\">Sobre Nosotros<\/h1>\t\t\t\t<\/div>\n\t\t\t\t<\/div>\n\t\t\t\t\t<\/div>\n\t\t<\/div>\n\t\t\t\t\t<\/div>\n\t\t<\/section>\n\t\t\t\t<section class=\"elementor-section elementor-top-section elementor-element elementor-element-d579593 elementor-section-boxed elementor-section-height-default elementor-section-height-default elementor-invisible\" data-id=\"d579593\" data-element_type=\"section\" data-e-type=\"section\" data-settings=\"{&quot;background_background&quot;:&quot;classic&quot;,&quot;animation&quot;:&quot;fadeIn&quot;}\">\n\t\t\t\t\t\t<div class=\"elementor-container elementor-column-gap-default\">\n\t\t\t\t\t<div class=\"elementor-column elementor-col-50 elementor-top-column elementor-element elementor-element-1c6d8e9\" data-id=\"1c6d8e9\" data-element_type=\"column\" data-e-type=\"column\" data-settings=\"{&quot;motion_fx_motion_fx_scrolling&quot;:&quot;yes&quot;,&quot;motion_fx_translateX_effect&quot;:&quot;yes&quot;,&quot;motion_fx_translateX_direction&quot;:&quot;negative&quot;,&quot;motion_fx_translateX_speed&quot;:{&quot;unit&quot;:&quot;px&quot;,&quot;size&quot;:9.4,&quot;sizes&quot;:[]},&quot;motion_fx_translateX_affectedRange&quot;:{&quot;unit&quot;:&quot;%&quot;,&quot;size&quot;:&quot;&quot;,&quot;sizes&quot;:{&quot;start&quot;:16,&quot;end&quot;:50}},&quot;motion_fx_devices&quot;:[&quot;desktop&quot;,&quot;tablet&quot;,&quot;mobile&quot;]}\">\n\t\t\t<div class=\"elementor-widget-wrap elementor-element-populated\">\n\t\t\t\t\t\t<div class=\"elementor-element elementor-element-efc43c4 elementor-widget elementor-widget-heading\" data-id=\"efc43c4\" data-element_type=\"widget\" data-e-type=\"widget\" data-widget_type=\"heading.default\">\n\t\t\t\t<div class=\"elementor-widget-container\">\n\t\t\t\t\t<h2 class=\"elementor-heading-title elementor-size-default\">\u00a1Hola!<\/h2>\t\t\t\t<\/div>\n\t\t\t\t<\/div>\n\t\t\t\t<div class=\"elementor-element elementor-element-dffeda6 elementor-widget elementor-widget-text-editor\" data-id=\"dffeda6\" data-element_type=\"widget\" data-e-type=\"widget\" data-widget_type=\"text-editor.default\">\n\t\t\t\t<div class=\"elementor-widget-container\">\n\t\t\t\t\t\t\t\t\t<p>Somos Fani (mam\u00e1), Lua (beb\u00e9) y Mallory (pap\u00e1), una peque\u00f1a familia afincada en Tarifa. Pap\u00e1 naci\u00f3 en una isla francesa del Caribe llamada Guadalupe, mam\u00e1 en Badalona, Barcelona, y yo soy la \u00fanica tarife\u00f1a de verdad. Llevamos 20 a\u00f1os viviendo en Tarifa y no cambiar\u00edamos este peque\u00f1o para\u00edso por nada del mundo.<\/p>\t\t\t\t\t\t\t\t<\/div>\n\t\t\t\t<\/div>\n\t\t\t\t\t<\/div>\n\t\t<\/div>\n\t\t\t\t<div class=\"elementor-column elementor-col-50 elementor-top-column elementor-element elementor-element-56c22f0\" data-id=\"56c22f0\" data-element_type=\"column\" data-e-type=\"column\">\n\t\t\t<div class=\"elementor-widget-wrap elementor-element-populated\">\n\t\t\t\t\t\t<div class=\"elementor-element elementor-element-4a1375f elementor-widget elementor-widget-image\" data-id=\"4a1375f\" data-element_type=\"widget\" data-e-type=\"widget\" data-settings=\"{&quot;motion_fx_motion_fx_scrolling&quot;:&quot;yes&quot;,&quot;motion_fx_translateX_effect&quot;:&quot;yes&quot;,&quot;motion_fx_translateX_speed&quot;:{&quot;unit&quot;:&quot;px&quot;,&quot;size&quot;:9.4,&quot;sizes&quot;:[]},&quot;motion_fx_translateX_affectedRange&quot;:{&quot;unit&quot;:&quot;%&quot;,&quot;size&quot;:&quot;&quot;,&quot;sizes&quot;:{&quot;start&quot;:0,&quot;end&quot;:50}},&quot;motion_fx_devices&quot;:[&quot;desktop&quot;,&quot;tablet&quot;,&quot;mobile&quot;]}\" data-widget_type=\"image.default\">\n\t\t\t\t<div class=\"elementor-widget-container\">\n\t\t\t\t\t\t\t\t\t\t\t\t\t\t\t<img fetchpriority=\"high\" decoding=\"async\" width=\"1000\" height=\"800\" src=\"https:\/\/tarifacozyhouse.com\/wp-content\/uploads\/2022\/05\/Tarifa-Team.jpg\" class=\"attachment-large size-large wp-image-71357\" alt=\"\" srcset=\"https:\/\/tarifacozyhouse.com\/wp-content\/uploads\/2022\/05\/Tarifa-Team.jpg 1000w, https:\/\/tarifacozyhouse.com\/wp-content\/uploads\/2022\/05\/Tarifa-Team-300x240.jpg 300w, https:\/\/tarifacozyhouse.com\/wp-content\/uploads\/2022\/05\/Tarifa-Team-768x614.jpg 768w, https:\/\/tarifacozyhouse.com\/wp-content\/uploads\/2022\/05\/Tarifa-Team-625x500.jpg 625w\" sizes=\"(max-width: 1000px) 100vw, 1000px\" \/>\t\t\t\t\t\t\t\t\t\t\t\t\t\t\t<\/div>\n\t\t\t\t<\/div>\n\t\t\t\t\t<\/div>\n\t\t<\/div>\n\t\t\t\t\t<\/div>\n\t\t<\/section>\n\t\t\t\t<section class=\"elementor-section elementor-top-section elementor-element elementor-element-8581b05 elementor-section-boxed elementor-section-height-default elementor-section-height-default elementor-invisible\" data-id=\"8581b05\" data-element_type=\"section\" data-e-type=\"section\" data-settings=\"{&quot;background_background&quot;:&quot;classic&quot;,&quot;animation&quot;:&quot;fadeIn&quot;}\">\n\t\t\t\t\t\t<div class=\"elementor-container elementor-column-gap-default\">\n\t\t\t\t\t<div class=\"elementor-column elementor-col-100 elementor-top-column elementor-element elementor-element-a0b78fd\" data-id=\"a0b78fd\" data-element_type=\"column\" data-e-type=\"column\">\n\t\t\t<div class=\"elementor-widget-wrap elementor-element-populated\">\n\t\t\t\t\t\t<div class=\"elementor-element elementor-element-a34eed0 elementor-widget elementor-widget-heading\" data-id=\"a34eed0\" data-element_type=\"widget\" data-e-type=\"widget\" data-settings=\"{&quot;motion_fx_motion_fx_scrolling&quot;:&quot;yes&quot;,&quot;motion_fx_scale_effect&quot;:&quot;yes&quot;,&quot;motion_fx_scale_speed&quot;:{&quot;unit&quot;:&quot;px&quot;,&quot;size&quot;:6,&quot;sizes&quot;:[]},&quot;motion_fx_scale_range&quot;:{&quot;unit&quot;:&quot;%&quot;,&quot;size&quot;:&quot;&quot;,&quot;sizes&quot;:{&quot;start&quot;:8,&quot;end&quot;:95}},&quot;motion_fx_scale_direction&quot;:&quot;out-in&quot;,&quot;motion_fx_devices&quot;:[&quot;desktop&quot;,&quot;tablet&quot;,&quot;mobile&quot;]}\" data-widget_type=\"heading.default\">\n\t\t\t\t<div class=\"elementor-widget-container\">\n\t\t\t\t\t<h2 class=\"elementor-heading-title elementor-size-default\">Somos Tarifa Cozy House<\/h2>\t\t\t\t<\/div>\n\t\t\t\t<\/div>\n\t\t\t\t<div class=\"elementor-element elementor-element-1257102 elementor-widget elementor-widget-text-editor\" data-id=\"1257102\" data-element_type=\"widget\" data-e-type=\"widget\" data-settings=\"{&quot;motion_fx_motion_fx_scrolling&quot;:&quot;yes&quot;,&quot;motion_fx_devices&quot;:[&quot;desktop&quot;,&quot;tablet&quot;,&quot;mobile&quot;]}\" data-widget_type=\"text-editor.default\">\n\t\t\t\t<div class=\"elementor-widget-container\">\n\t\t\t\t\t\t\t\t\t<p>Todo empez\u00f3 cuando pap\u00e1 invirti\u00f3 sus ahorros en cuatro apartamentos con la idea de convertirlos en alquileres vacacionales. Con los a\u00f1os los fuimos mejorando y aprendiendo poco a poco todo lo que conlleva gestionar alquileres vacacionales. Un amigo de mis padres nos pregunt\u00f3 si pod\u00edamos gestionar su apartamento y as\u00ed fue como empezamos a gestionar apartamentos para otros propietarios. Nuestra idea es crecer sin prisa pero sin pausa y seleccionar cuidadosamente apartamentos acogedores y con estilo.<\/p><p>Nos encanta este trabajo porque tratamos con gente feliz que viene con muchas ganas de disfrutar de sus vacaciones, y eso se contagia. Tambi\u00e9n nos encanta compartir los secretos que esconde nuestra ciudad y sus alrededores, por lo que podemos mostrar los mejores lugares de la ciudad, ya sea para descansar, pasear, hacer deporte o incluso para probar la mejor cocina andaluza.<\/p><p>Pap\u00e1 lleva toda la vida practicando kite, windsurf, winging y surf, as\u00ed que si est\u00e1s interesado en aprender te puede recomendar las mejores escuelas de Tarifa. Y si ya sabes navegar o surfear, te puede decir cuales son los mejores spots dependiendo de las condiciones que vayas a tener durante tu estancia.<\/p><p>Tambi\u00e9n nos gusta el trail running, montar en bici, escalar o simplemente disfrutar de la playa, y Tarifa ofrece un mont\u00f3n de sitios incre\u00edbles para ello. Tambi\u00e9n te dir\u00e9 donde hay un parque infantil super chulo por si vienes con un beb\u00e9 como yo \ud83d\ude42<\/p><p>No dudes en preguntarnos cualquier cosa y te ayudaremos en lo que podamos. Hablamos franc\u00e9s, ingl\u00e9s, espa\u00f1ol, catal\u00e1n y portu\u00f1ol (una mezcla de espa\u00f1ol y portugu\u00e9s). \u00a1Bienvenidos al para\u00edso!<\/p>\t\t\t\t\t\t\t\t<\/div>\n\t\t\t\t<\/div>\n\t\t\t\t\t<\/div>\n\t\t<\/div>\n\t\t\t\t\t<\/div>\n\t\t<\/section>\n\t\t\t\t<section class=\"elementor-section elementor-top-section elementor-element elementor-element-b0f0d6f elementor-hidden-desktop elementor-hidden-tablet elementor-hidden-mobile elementor-section-boxed elementor-section-height-default elementor-section-height-default elementor-invisible\" data-id=\"b0f0d6f\" data-element_type=\"section\" data-e-type=\"section\" data-settings=\"{&quot;background_background&quot;:&quot;classic&quot;,&quot;animation&quot;:&quot;fadeIn&quot;}\">\n\t\t\t\t\t\t<div class=\"elementor-container elementor-column-gap-default\">\n\t\t\t\t\t<div class=\"elementor-column elementor-col-50 elementor-top-column elementor-element elementor-element-e23bd99\" data-id=\"e23bd99\" data-element_type=\"column\" data-e-type=\"column\">\n\t\t\t<div class=\"elementor-widget-wrap elementor-element-populated\">\n\t\t\t\t\t\t<div class=\"elementor-element elementor-element-eb38317 elementor-widget elementor-widget-image\" data-id=\"eb38317\" data-element_type=\"widget\" data-e-type=\"widget\" data-widget_type=\"image.default\">\n\t\t\t\t<div class=\"elementor-widget-container\">\n\t\t\t\t\t\t\t\t\t\t\t\t\t\t\t<img decoding=\"async\" width=\"1024\" height=\"768\" src=\"https:\/\/tarifacozyhouse.com\/wp-content\/uploads\/2022\/05\/TARIFA-2-1024x768.jpeg\" class=\"attachment-large size-large wp-image-71328\" alt=\"\" srcset=\"https:\/\/tarifacozyhouse.com\/wp-content\/uploads\/2022\/05\/TARIFA-2-1024x768.jpeg 1024w, https:\/\/tarifacozyhouse.com\/wp-content\/uploads\/2022\/05\/TARIFA-2-300x225.jpeg 300w, https:\/\/tarifacozyhouse.com\/wp-content\/uploads\/2022\/05\/TARIFA-2-768x576.jpeg 768w, https:\/\/tarifacozyhouse.com\/wp-content\/uploads\/2022\/05\/TARIFA-2-667x500.jpeg 667w, https:\/\/tarifacozyhouse.com\/wp-content\/uploads\/2022\/05\/TARIFA-2.jpeg 1440w\" sizes=\"(max-width: 1024px) 100vw, 1024px\" \/>\t\t\t\t\t\t\t\t\t\t\t\t\t\t\t<\/div>\n\t\t\t\t<\/div>\n\t\t\t\t\t<\/div>\n\t\t<\/div>\n\t\t\t\t<div class=\"elementor-column elementor-col-50 elementor-top-column elementor-element elementor-element-936c453\" data-id=\"936c453\" data-element_type=\"column\" data-e-type=\"column\">\n\t\t\t<div class=\"elementor-widget-wrap elementor-element-populated\">\n\t\t\t\t\t\t<div class=\"elementor-element elementor-element-25afecb elementor-widget elementor-widget-heading\" data-id=\"25afecb\" data-element_type=\"widget\" data-e-type=\"widget\" data-widget_type=\"heading.default\">\n\t\t\t\t<div class=\"elementor-widget-container\">\n\t\t\t\t\t<h2 class=\"elementor-heading-title elementor-size-default\">We are Tarifa Cozy House<\/h2>\t\t\t\t<\/div>\n\t\t\t\t<\/div>\n\t\t\t\t<div class=\"elementor-element elementor-element-35b3fb0 elementor-widget elementor-widget-text-editor\" data-id=\"35b3fb0\" data-element_type=\"widget\" data-e-type=\"widget\" data-widget_type=\"text-editor.default\">\n\t\t\t\t<div class=\"elementor-widget-container\">\n\t\t\t\t\t\t\t\t\t<p>It all started when Dad invested his savings in four apartments with the idea of turning them into vacation rentals. Over the years we have improved them and learned little by little everything that managing vacation rentals entails. A friend of my parents asked us if we could manage his apartment and that&#8217;s how we started managing apartments for other owners. Our idea is to grow slowly but surely and carefully select cozy and stylish apartments.<\/p><p>We love this job because we deal with happy people who come with a great desire to enjoy their vacations, and that is contagious. We also love to share the secrets that our town and its surroundings hide, so we can show the best places in town, whether to rest, walk, do sports or even to try the best Andalusian cuisine.<\/p><p>Dad has been kiting, windsurfing, winging and surfing all his life, so if you are interested in learning he can recommend the best schools in Tarifa. And if you already know how to sail or surf, they can tell you which are the best spots depending on the conditions you are going to have during your stay.<\/p><p>We also like trail running, biking, climbing or simply enjoying the beach, and Tarifa offers a lot of amazing sites for that. I will also tell you where there is a super cool playground in case you come with a baby like me. \ud83d\ude42<\/p><p>Do not hesitate to ask us anything and we will help you with what we can. We speak French, English, Spanish, Catalan and Portu\u00f1ol (a mixture of Spanish and Portuguese). Welcome to paradise!<\/p>\t\t\t\t\t\t\t\t<\/div>\n\t\t\t\t<\/div>\n\t\t\t\t\t<\/div>\n\t\t<\/div>\n\t\t\t\t\t<\/div>\n\t\t<\/section>\n\t\t\t\t<section class=\"elementor-section elementor-top-section elementor-element elementor-element-c321a61 elementor-section-boxed elementor-section-height-default elementor-section-height-default elementor-invisible\" data-id=\"c321a61\" data-element_type=\"section\" data-e-type=\"section\" data-settings=\"{&quot;background_background&quot;:&quot;classic&quot;,&quot;animation&quot;:&quot;fadeIn&quot;}\">\n\t\t\t\t\t\t<div class=\"elementor-container elementor-column-gap-default\">\n\t\t\t\t\t<div class=\"elementor-column elementor-col-100 elementor-top-column elementor-element elementor-element-bd05a9e\" data-id=\"bd05a9e\" data-element_type=\"column\" data-e-type=\"column\">\n\t\t\t<div class=\"elementor-widget-wrap elementor-element-populated\">\n\t\t\t\t\t\t<div class=\"elementor-element elementor-element-8753f5f elementor-widget elementor-widget-heading\" data-id=\"8753f5f\" data-element_type=\"widget\" data-e-type=\"widget\" data-settings=\"{&quot;motion_fx_motion_fx_scrolling&quot;:&quot;yes&quot;,&quot;motion_fx_opacity_effect&quot;:&quot;yes&quot;,&quot;motion_fx_opacity_range&quot;:{&quot;unit&quot;:&quot;%&quot;,&quot;size&quot;:&quot;&quot;,&quot;sizes&quot;:{&quot;start&quot;:6,&quot;end&quot;:50}},&quot;motion_fx_opacity_direction&quot;:&quot;out-in&quot;,&quot;motion_fx_opacity_level&quot;:{&quot;unit&quot;:&quot;px&quot;,&quot;size&quot;:10,&quot;sizes&quot;:[]},&quot;motion_fx_devices&quot;:[&quot;desktop&quot;,&quot;tablet&quot;,&quot;mobile&quot;]}\" data-widget_type=\"heading.default\">\n\t\t\t\t<div class=\"elementor-widget-container\">\n\t\t\t\t\t<h2 class=\"elementor-heading-title elementor-size-default\">Nuestro equipo<\/h2>\t\t\t\t<\/div>\n\t\t\t\t<\/div>\n\t\t\t\t\t<\/div>\n\t\t<\/div>\n\t\t\t\t\t<\/div>\n\t\t<\/section>\n\t\t\t\t<\/div>\n\t\t","protected":false},"excerpt":{"rendered":"<p>Sobre Nosotros \u00a1Hola! Somos Fani (mam\u00e1), Lua (beb\u00e9) y Mallory (pap\u00e1), una peque\u00f1a familia afincada en Tarifa. Pap\u00e1 naci\u00f3 en una isla francesa del Caribe llamada Guadalupe, mam\u00e1 en Badalona, Barcelona, y yo soy la \u00fanica tarife\u00f1a de verdad. Llevamos 20 a\u00f1os viviendo en Tarifa y no cambiar\u00edamos este peque\u00f1o para\u00edso por nada del mundo. [&hellip;]<\/p>\n","protected":false},"author":41,"featured_media":80148,"parent":0,"menu_order":0,"comment_status":"closed","ping_status":"closed","template":"elementor_header_footer","meta":{"_acf_changed":false,"footnotes":""},"class_list":["post-80692","page","type-page","status-publish","has-post-thumbnail","hentry"],"acf":[],"yoast_head":"<!-- This site is optimized with the Yoast SEO plugin v27.1.1 - https:\/\/yoast.com\/product\/yoast-seo-wordpress\/ -->\n<title>Sobre nosotros - Tarifa Cozy House<\/title>\n<meta name=\"description\" content=\"Conoce a nuestro equipo en Tarifa: expertos en ofrecer la mejor experiencia en apartamentos vacacionales. \u00a1Descubre m\u00e1s!\" \/>\n<meta name=\"robots\" content=\"index, follow, max-snippet:-1, max-image-preview:large, max-video-preview:-1\" \/>\n<link rel=\"canonical\" href=\"http:\/\/tarifacozyhouse.com\/en\/es\/holiday-apartments-in-tarifa\/\" \/>\n<meta property=\"og:locale\" content=\"en_US\" \/>\n<meta property=\"og:type\" content=\"article\" \/>\n<meta property=\"og:title\" content=\"Sobre nosotros - Tarifa Cozy House\" \/>\n<meta property=\"og:description\" content=\"Conoce a nuestro equipo en Tarifa: expertos en ofrecer la mejor experiencia en apartamentos vacacionales. \u00a1Descubre m\u00e1s!\" \/>\n<meta property=\"og:url\" content=\"http:\/\/tarifacozyhouse.com\/en\/es\/holiday-apartments-in-tarifa\/\" \/>\n<meta property=\"og:site_name\" content=\"Tarifa Cozy House\" \/>\n<meta property=\"article:modified_time\" content=\"2024-08-13T11:44:25+00:00\" \/>\n<meta property=\"og:image\" content=\"https:\/\/tarifacozyhouse.com\/wp-content\/uploads\/2023\/04\/Portada-2-1024x714.png\" \/>\n\t<meta property=\"og:image:width\" content=\"1024\" \/>\n\t<meta property=\"og:image:height\" content=\"714\" \/>\n\t<meta property=\"og:image:type\" content=\"image\/png\" \/>\n<meta name=\"twitter:card\" content=\"summary_large_image\" \/>\n<meta name=\"twitter:label1\" content=\"Est. reading time\" \/>\n\t<meta name=\"twitter:data1\" content=\"4 minutes\" \/>\n<script type=\"application\/ld+json\" class=\"yoast-schema-graph\">{\"@context\":\"https:\/\/schema.org\",\"@graph\":[{\"@type\":\"WebPage\",\"@id\":\"http:\/\/tarifacozyhouse.com\/es\/apartementos-vacacionales-en-tarifa\/\",\"url\":\"http:\/\/tarifacozyhouse.com\/es\/apartementos-vacacionales-en-tarifa\/\",\"name\":\"Sobre nosotros - Tarifa Cozy House\",\"isPartOf\":{\"@id\":\"https:\/\/tarifacozyhouse.com\/en\/#website\"},\"primaryImageOfPage\":{\"@id\":\"http:\/\/tarifacozyhouse.com\/es\/apartementos-vacacionales-en-tarifa\/#primaryimage\"},\"image\":{\"@id\":\"http:\/\/tarifacozyhouse.com\/es\/apartementos-vacacionales-en-tarifa\/#primaryimage\"},\"thumbnailUrl\":\"https:\/\/tarifacozyhouse.com\/wp-content\/uploads\/2023\/04\/Portada-2.png\",\"datePublished\":\"2024-02-14T11:59:32+00:00\",\"dateModified\":\"2024-08-13T11:44:25+00:00\",\"description\":\"Conoce a nuestro equipo en Tarifa: expertos en ofrecer la mejor experiencia en apartamentos vacacionales. \u00a1Descubre m\u00e1s!\",\"breadcrumb\":{\"@id\":\"http:\/\/tarifacozyhouse.com\/es\/apartementos-vacacionales-en-tarifa\/#breadcrumb\"},\"inLanguage\":\"en-US\",\"potentialAction\":[{\"@type\":\"ReadAction\",\"target\":[\"http:\/\/tarifacozyhouse.com\/es\/apartementos-vacacionales-en-tarifa\/\"]}]},{\"@type\":\"ImageObject\",\"inLanguage\":\"en-US\",\"@id\":\"http:\/\/tarifacozyhouse.com\/es\/apartementos-vacacionales-en-tarifa\/#primaryimage\",\"url\":\"https:\/\/tarifacozyhouse.com\/wp-content\/uploads\/2023\/04\/Portada-2.png\",\"contentUrl\":\"https:\/\/tarifacozyhouse.com\/wp-content\/uploads\/2023\/04\/Portada-2.png\",\"width\":1500,\"height\":1046},{\"@type\":\"BreadcrumbList\",\"@id\":\"http:\/\/tarifacozyhouse.com\/es\/apartementos-vacacionales-en-tarifa\/#breadcrumb\",\"itemListElement\":[{\"@type\":\"ListItem\",\"position\":1,\"name\":\"Home\",\"item\":\"https:\/\/tarifacozyhouse.com\/\"},{\"@type\":\"ListItem\",\"position\":2,\"name\":\"Sobre nosotros\"}]},{\"@type\":\"WebSite\",\"@id\":\"https:\/\/tarifacozyhouse.com\/en\/#website\",\"url\":\"https:\/\/tarifacozyhouse.com\/en\/\",\"name\":\"Tarifa Cozy House\",\"description\":\"\",\"publisher\":{\"@id\":\"https:\/\/tarifacozyhouse.com\/en\/#organization\"},\"potentialAction\":[{\"@type\":\"SearchAction\",\"target\":{\"@type\":\"EntryPoint\",\"urlTemplate\":\"https:\/\/tarifacozyhouse.com\/en\/?s={search_term_string}\"},\"query-input\":{\"@type\":\"PropertyValueSpecification\",\"valueRequired\":true,\"valueName\":\"search_term_string\"}}],\"inLanguage\":\"en-US\"},{\"@type\":\"Organization\",\"@id\":\"https:\/\/tarifacozyhouse.com\/en\/#organization\",\"name\":\"Tarifa Cozy House\",\"url\":\"https:\/\/tarifacozyhouse.com\/en\/\",\"logo\":{\"@type\":\"ImageObject\",\"inLanguage\":\"en-US\",\"@id\":\"https:\/\/tarifacozyhouse.com\/en\/#\/schema\/logo\/image\/\",\"url\":\"https:\/\/tarifacozyhouse.com\/wp-content\/uploads\/2021\/12\/tarifa-logo.png\",\"contentUrl\":\"https:\/\/tarifacozyhouse.com\/wp-content\/uploads\/2021\/12\/tarifa-logo.png\",\"width\":508,\"height\":234,\"caption\":\"Tarifa Cozy House\"},\"image\":{\"@id\":\"https:\/\/tarifacozyhouse.com\/en\/#\/schema\/logo\/image\/\"}}]}<\/script>\n<!-- \/ Yoast SEO plugin. -->","yoast_head_json":{"title":"About us - Tarifa Cozy House","description":"Meet our team in Tarifa: experts in offering the best experience in holiday apartments. Find out more!","robots":{"index":"index","follow":"follow","max-snippet":"max-snippet:-1","max-image-preview":"max-image-preview:large","max-video-preview":"max-video-preview:-1"},"canonical":"http:\/\/tarifacozyhouse.com\/en\/es\/holiday-apartments-in-tarifa\/","og_locale":"en_US","og_type":"article","og_title":"Sobre nosotros - Tarifa Cozy House","og_description":"Conoce a nuestro equipo en Tarifa: expertos en ofrecer la mejor experiencia en apartamentos vacacionales. \u00a1Descubre m\u00e1s!","og_url":"http:\/\/tarifacozyhouse.com\/en\/es\/holiday-apartments-in-tarifa\/","og_site_name":"Tarifa Cozy House","article_modified_time":"2024-08-13T11:44:25+00:00","og_image":[{"width":1024,"height":714,"url":"https:\/\/tarifacozyhouse.com\/wp-content\/uploads\/2023\/04\/Portada-2-1024x714.png","type":"image\/png"}],"twitter_card":"summary_large_image","twitter_misc":{"Est. reading time":"4 minutes"},"schema":{"@context":"https:\/\/schema.org","@graph":[{"@type":"WebPage","@id":"http:\/\/tarifacozyhouse.com\/es\/apartementos-vacacionales-en-tarifa\/","url":"http:\/\/tarifacozyhouse.com\/es\/apartementos-vacacionales-en-tarifa\/","name":"About us - Tarifa Cozy House","isPartOf":{"@id":"https:\/\/tarifacozyhouse.com\/en\/#website"},"primaryImageOfPage":{"@id":"http:\/\/tarifacozyhouse.com\/es\/apartementos-vacacionales-en-tarifa\/#primaryimage"},"image":{"@id":"http:\/\/tarifacozyhouse.com\/es\/apartementos-vacacionales-en-tarifa\/#primaryimage"},"thumbnailUrl":"https:\/\/tarifacozyhouse.com\/wp-content\/uploads\/2023\/04\/Portada-2.png","datePublished":"2024-02-14T11:59:32+00:00","dateModified":"2024-08-13T11:44:25+00:00","description":"Meet our team in Tarifa: experts in offering the best experience in holiday apartments. Find out more!","breadcrumb":{"@id":"http:\/\/tarifacozyhouse.com\/es\/apartementos-vacacionales-en-tarifa\/#breadcrumb"},"inLanguage":"en-US","potentialAction":[{"@type":"ReadAction","target":["http:\/\/tarifacozyhouse.com\/es\/apartementos-vacacionales-en-tarifa\/"]}]},{"@type":"ImageObject","inLanguage":"en-US","@id":"http:\/\/tarifacozyhouse.com\/es\/apartementos-vacacionales-en-tarifa\/#primaryimage","url":"https:\/\/tarifacozyhouse.com\/wp-content\/uploads\/2023\/04\/Portada-2.png","contentUrl":"https:\/\/tarifacozyhouse.com\/wp-content\/uploads\/2023\/04\/Portada-2.png","width":1500,"height":1046},{"@type":"BreadcrumbList","@id":"http:\/\/tarifacozyhouse.com\/es\/apartementos-vacacionales-en-tarifa\/#breadcrumb","itemListElement":[{"@type":"ListItem","position":1,"name":"Home","item":"https:\/\/tarifacozyhouse.com\/"},{"@type":"ListItem","position":2,"name":"Sobre nosotros"}]},{"@type":"WebSite","@id":"https:\/\/tarifacozyhouse.com\/en\/#website","url":"https:\/\/tarifacozyhouse.com\/en\/","name":"Tarifa Cozy House","description":"","publisher":{"@id":"https:\/\/tarifacozyhouse.com\/en\/#organization"},"potentialAction":[{"@type":"SearchAction","target":{"@type":"EntryPoint","urlTemplate":"https:\/\/tarifacozyhouse.com\/en\/?s={search_term_string}"},"query-input":{"@type":"PropertyValueSpecification","valueRequired":true,"valueName":"search_term_string"}}],"inLanguage":"en-US"},{"@type":"Organization","@id":"https:\/\/tarifacozyhouse.com\/en\/#organization","name":"Tarifa Cozy House","url":"https:\/\/tarifacozyhouse.com\/en\/","logo":{"@type":"ImageObject","inLanguage":"en-US","@id":"https:\/\/tarifacozyhouse.com\/en\/#\/schema\/logo\/image\/","url":"https:\/\/tarifacozyhouse.com\/wp-content\/uploads\/2021\/12\/tarifa-logo.png","contentUrl":"https:\/\/tarifacozyhouse.com\/wp-content\/uploads\/2021\/12\/tarifa-logo.png","width":508,"height":234,"caption":"Tarifa Cozy House"},"image":{"@id":"https:\/\/tarifacozyhouse.com\/en\/#\/schema\/logo\/image\/"}}]}},"_links":{"self":[{"href":"https:\/\/tarifacozyhouse.com\/en\/wp-json\/wp\/v2\/pages\/80692","targetHints":{"allow":["GET"]}}],"collection":[{"href":"https:\/\/tarifacozyhouse.com\/en\/wp-json\/wp\/v2\/pages"}],"about":[{"href":"https:\/\/tarifacozyhouse.com\/en\/wp-json\/wp\/v2\/types\/page"}],"author":[{"embeddable":true,"href":"https:\/\/tarifacozyhouse.com\/en\/wp-json\/wp\/v2\/users\/41"}],"replies":[{"embeddable":true,"href":"https:\/\/tarifacozyhouse.com\/en\/wp-json\/wp\/v2\/comments?post=80692"}],"version-history":[{"count":23,"href":"https:\/\/tarifacozyhouse.com\/en\/wp-json\/wp\/v2\/pages\/80692\/revisions"}],"predecessor-version":[{"id":81234,"href":"https:\/\/tarifacozyhouse.com\/en\/wp-json\/wp\/v2\/pages\/80692\/revisions\/81234"}],"wp:featuredmedia":[{"embeddable":true,"href":"https:\/\/tarifacozyhouse.com\/en\/wp-json\/wp\/v2\/media\/80148"}],"wp:attachment":[{"href":"https:\/\/tarifacozyhouse.com\/en\/wp-json\/wp\/v2\/media?parent=80692"}],"curies":[{"name":"wp","href":"https:\/\/api.w.org\/{rel}","templated":true}]}}